{"id":1099,"date":"2022-08-10T10:46:39","date_gmt":"2022-08-10T03:46:39","guid":{"rendered":"https:\/\/hpcen.vn\/?post_type=product&#038;p=1099"},"modified":"2022-08-10T10:46:40","modified_gmt":"2022-08-10T03:46:40","slug":"luu-tru-mang-my-cloud-ex4100","status":"publish","type":"product","link":"https:\/\/hpcen.vn\/?product=luu-tru-mang-my-cloud-ex4100","title":{"rendered":"L\u01b0u tr\u1eef m\u1ea1ng My Cloud Ex4100"},"content":{"rendered":"<p><strong>Th\u00f4ng s\u1ed1 k\u1ef9 thu\u1eadt:<\/strong><\/p>\n<p>S\u1ed1 khay \u1ed5 \u0111\u0129a:\u00a04<\/p>\n<p>H\u1ec7 \u0111i\u1ec1u h\u00e0nh: My Cloud OS 3<\/p>\n<p>B\u1ed9 vi x\u1eed l\u00fd:\u00a0Marvell ARMADA 388 1.6 GHz dual-core<\/p>\n<p>B\u1ed9 nh\u1edb trong: 2GB DDR3<\/p>\n<p>Giao ti\u1ebfp: 02 Gigabit Ethernet (10\/100\/1000 MB\/s), \u00a03xUSB 3.0 (2 c\u1ed5ng m\u1edf r\u1ed9ng ph\u00eda sau, 1 c\u1ed5ng ph\u00eda tr\u01b0\u1edbc copy tr\u1ef1c ti\u1ebfp t\u1edbi My Cloud)<\/p>\n<p>C\u1ed5ng ngu\u1ed3n: 2\u00a0(b\u1ed9 s\u1ea3n ph\u1ea9m g\u1ed3m 01\u00a0adapter 19 V &#8211; 4.74A &#8211; 90\u00a0W)<\/p>\n<p>C\u00f3 m\u00e0n h\u00ecnh LCD hi\u1ec3n th\u1ecb th\u00f4ng tin, t\u00ecnh tr\u1ea1ng Nas.<\/p>\n<p>Thi\u1ebft l\u1eadp RAID: 0, 1, 5, 10, JBOD &amp; spanning. T\u00ednh n\u0103ng Hot-swap c\u1eafm n\u00f3ng \u1ed5 c\u1ee9ng.<\/p>\n<p>Truy c\u1eadp t\u1eeb xa<\/p>\n<ul>\n<li>\u1ee8ng d\u1ee5ng My Cloud tr\u00ean thi\u1ebft b\u1ecb di \u0111\u1ed9ng<\/li>\n<li>Truy c\u1eadp t\u1eeb xa qua web mycloud.com<\/li>\n<\/ul>\n<p>C\u00e1c ph\u1ea7n m\u1ec1m h\u1ed7 tr\u1ee3: Truy c\u1eadp: http:\/\/support.wdc.com\/downloads.aspx?lang=en&amp;fid=wdsfMyCloud_EX4100<\/p>\n<ul>\n<li>WD\u00a0Access<\/li>\n<li>WD SmartWare<\/li>\n<li>WD Sync<\/li>\n<\/ul>\n<p>K\u00edch th\u01b0\u1edbc v\u1eadt l\u00fd:\u00a0HxDxW 192 mm x 232 mm x 170 mm<\/p>\n<p>T\u01b0\u01a1ng th\u00edch: Windows\/Mac<\/p>\n<ul>\n<li>Windows 10, 8, 7<\/li>\n<li>Mac OS X El Capitan, Yosemite, Mavericks, Mountain Lion, or Lion.<\/li>\n<li>C\u00e1c thi\u1ebft b\u1ecb h\u1ed7 tr\u1ee3 DLNA\/UPnP<\/li>\n<li>K\u1ebft n\u1ed1i Internet \u0111\u1ec3 truy c\u1eadp t\u1eeb xa<\/li>\n<\/ul>\n<div class=\"ddict_btn\" style=\"top: 625px; left: 292.875px;\"><img decoding=\"async\" src=\"https:\/\/hpcen.vn\/wp-content\/uploads\/2022\/08\/luu-tru-mang-my-cloud-ex4100-1099.jpg\" \/><\/div>\n","protected":false},"excerpt":{"rendered":"<p>Th\u00f4ng s\u1ed1 k\u1ef9 thu\u1eadt: S\u1ed1 khay \u1ed5 \u0111\u0129a:\u00a04 H\u1ec7 \u0111i\u1ec1u h\u00e0nh: My Cloud OS 3 B\u1ed9 vi x\u1eed l\u00fd:\u00a0Marvell ARMADA 388 1.6 GHz dual-core B\u1ed9 nh\u1edb trong: 2GB DDR3 Giao ti\u1ebfp: 02 Gigabit Ethernet (10\/100\/1000 MB\/s), \u00a03xUSB 3.0 (2 c\u1ed5ng m\u1edf r\u1ed9ng ph\u00eda sau, 1 c\u1ed5ng ph\u00eda tr\u01b0\u1edbc copy tr\u1ef1c ti\u1ebfp t\u1edbi My Cloud) C\u1ed5ng<\/p>\n","protected":false},"featured_media":1097,"comment_status":"closed","ping_status":"closed","template":"","meta":{"inline_featured_image":false},"product_brand":[],"product_cat":[67,49],"product_tag":[69],"yst_prominent_words":[],"class_list":{"0":"post-1099","1":"product","2":"type-product","3":"status-publish","4":"has-post-thumbnail","6":"product_cat-luu-tru-wd","7":"product_cat-thiet-bi-luu-tru","8":"product_tag-wd-my-cloud-ex4100","10":"first","11":"instock","12":"sale","13":"shipping-taxable","14":"purchasable","15":"product-type-simple"},"_links":{"self":[{"href":"https:\/\/hpcen.vn\/index.php?rest_route=\/wp\/v2\/product\/1099","targetHints":{"allow":["GET"]}}],"collection":[{"href":"https:\/\/hpcen.vn\/index.php?rest_route=\/wp\/v2\/product"}],"about":[{"href":"https:\/\/hpcen.vn\/index.php?rest_route=\/wp\/v2\/types\/product"}],"replies":[{"embeddable":true,"href":"https:\/\/hpcen.vn\/index.php?rest_route=%2Fwp%2Fv2%2Fcomments&post=1099"}],"wp:featuredmedia":[{"embeddable":true,"href":"https:\/\/hpcen.vn\/index.php?rest_route=\/wp\/v2\/media\/1097"}],"wp:attachment":[{"href":"https:\/\/hpcen.vn\/index.php?rest_route=%2Fwp%2Fv2%2Fmedia&parent=1099"}],"wp:term":[{"taxonomy":"product_brand","embeddable":true,"href":"https:\/\/hpcen.vn\/index.php?rest_route=%2Fwp%2Fv2%2Fproduct_brand&post=1099"},{"taxonomy":"product_cat","embeddable":true,"href":"https:\/\/hpcen.vn\/index.php?rest_route=%2Fwp%2Fv2%2Fproduct_cat&post=1099"},{"taxonomy":"product_tag","embeddable":true,"href":"https:\/\/hpcen.vn\/index.php?rest_route=%2Fwp%2Fv2%2Fproduct_tag&post=1099"},{"taxonomy":"yst_prominent_words","embeddable":true,"href":"https:\/\/hpcen.vn\/index.php?rest_route=%2Fwp%2Fv2%2Fyst_prominent_words&post=1099"}],"curies":[{"name":"wp","href":"https:\/\/api.w.org\/{rel}","templated":true}]}}