{"id":230,"date":"2019-02-26T12:29:12","date_gmt":"2019-02-26T12:29:12","guid":{"rendered":"http:\/\/congty4.khowebseotop.vn\/?page_id=230"},"modified":"2019-02-26T12:29:12","modified_gmt":"2019-02-26T12:29:12","slug":"thong-tin-thanh-toan","status":"publish","type":"page","link":"https:\/\/hpcen.vn\/?page_id=230","title":{"rendered":"Th\u00f4ng tin thanh to\u00e1n"},"content":{"rendered":"<p>Th\u00f4ng tin thanh to\u00e1n<\/p>\n<p>&nbsp;<\/p>\n","protected":false},"excerpt":{"rendered":"<p>Th\u00f4ng tin thanh to\u00e1n &nbsp;<\/p>\n","protected":false},"author":5,"featured_media":0,"parent":0,"menu_order":0,"comment_status":"closed","ping_status":"closed","template":"page-left-sidebar.php","meta":{"inline_featured_image":false,"footnotes":""},"yst_prominent_words":[],"class_list":["post-230","page","type-page","status-publish","hentry"],"_links":{"self":[{"href":"https:\/\/hpcen.vn\/index.php?rest_route=\/wp\/v2\/pages\/230","targetHints":{"allow":["GET"]}}],"collection":[{"href":"https:\/\/hpcen.vn\/index.php?rest_route=\/wp\/v2\/pages"}],"about":[{"href":"https:\/\/hpcen.vn\/index.php?rest_route=\/wp\/v2\/types\/page"}],"author":[{"embeddable":true,"href":"https:\/\/hpcen.vn\/index.php?rest_route=\/wp\/v2\/users\/5"}],"replies":[{"embeddable":true,"href":"https:\/\/hpcen.vn\/index.php?rest_route=%2Fwp%2Fv2%2Fcomments&post=230"}],"version-history":[{"count":0,"href":"https:\/\/hpcen.vn\/index.php?rest_route=\/wp\/v2\/pages\/230\/revisions"}],"wp:attachment":[{"href":"https:\/\/hpcen.vn\/index.php?rest_route=%2Fwp%2Fv2%2Fmedia&parent=230"}],"wp:term":[{"taxonomy":"yst_prominent_words","embeddable":true,"href":"https:\/\/hpcen.vn\/index.php?rest_route=%2Fwp%2Fv2%2Fyst_prominent_words&post=230"}],"curies":[{"name":"wp","href":"https:\/\/api.w.org\/{rel}","templated":true}]}}